{"id":354,"date":"2023-09-01T15:23:23","date_gmt":"2023-09-01T13:23:23","guid":{"rendered":"https:\/\/www.link2fleet.com\/?page_id=354"},"modified":"2024-03-21T17:05:08","modified_gmt":"2024-03-21T16:05:08","slug":"expertsguide","status":"publish","type":"page","link":"https:\/\/www.link2fleet.com\/fr\/expertsguide\/","title":{"rendered":"Experts Guide"},"content":{"rendered":"<h1>L&rsquo;expertise \u00e0 port\u00e9e de main<\/h1>\n<p>Retrouvez tous les fournisseurs et experts des secteurs Fleet et Mobilit\u00e9 ainsi que nos guides pratiques et des offres d\u2019emplois. En bref, tous les outils d\u2019expertise facilitant votre gestion de flotte et de mobilit\u00e9 au quotidien, c\u2019est ici !<\/p>\n","protected":false},"excerpt":{"rendered":"<p>L&rsquo;expertise \u00e0 port\u00e9e de main Retrouvez tous les fournisseurs et experts des secteurs Fleet et Mobilit\u00e9 ainsi que nos guides pratiques et des offres d\u2019emplois. En bref, tous les outils d\u2019expertise facilitant votre gestion de flotte et de mobilit\u00e9 au quotidien, c\u2019est ici !<\/p>\n","protected":false},"author":59,"featured_media":1676,"parent":0,"menu_order":0,"comment_status":"closed","ping_status":"closed","template":"template-experts.blade.php","meta":{"_acf_changed":false,"footnotes":""},"class_list":["post-354","page","type-page","status-publish","has-post-thumbnail","hentry"],"acf":[],"yoast_head":"<!-- This site is optimized with the Yoast SEO plugin v27.2 - https:\/\/yoast.com\/product\/yoast-seo-wordpress\/ -->\n<title>Experts Guide - link2fleet<\/title>\n<meta name=\"robots\" content=\"index, follow, max-snippet:-1, max-image-preview:large, max-video-preview:-1\" \/>\n<meta property=\"og:locale\" content=\"fr_FR\" \/>\n<meta property=\"og:type\" content=\"article\" \/>\n<meta property=\"og:title\" content=\"Experts Guide - link2fleet\" \/>\n<meta property=\"og:description\" content=\"L&rsquo;expertise \u00e0 port\u00e9e de main Retrouvez tous les fournisseurs et experts des secteurs Fleet et Mobilit\u00e9 ainsi que nos guides pratiques et des offres d\u2019emplois. En bref, tous les outils d\u2019expertise facilitant votre gestion de flotte et de mobilit\u00e9 au quotidien, c\u2019est ici !\" \/>\n<meta property=\"og:url\" content=\"https:\/\/www.link2fleet.com\/expertsguide\/\" \/>\n<meta property=\"og:site_name\" content=\"link2fleet\" \/>\n<meta property=\"article:modified_time\" content=\"2024-03-21T16:05:08+00:00\" \/>\n<meta property=\"og:image\" content=\"https:\/\/static.link2fleet.com\/wp-content\/uploads\/2024\/03\/experts-guide-logo.png\" \/>\n\t<meta property=\"og:image:width\" content=\"1408\" \/>\n\t<meta property=\"og:image:height\" content=\"712\" \/>\n\t<meta property=\"og:image:type\" content=\"image\/png\" \/>\n<meta name=\"twitter:card\" content=\"summary_large_image\" \/>\n<meta name=\"twitter:label1\" content=\"Dur\u00e9e de lecture estim\u00e9e\" \/>\n\t<meta name=\"twitter:data1\" content=\"1 minute\" \/>\n<script type=\"application\/ld+json\" class=\"yoast-schema-graph\">{\"@context\":\"https:\/\/schema.org\",\"@graph\":[{\"@type\":\"WebPage\",\"@id\":\"https:\/\/www.link2fleet.com\/expertsguide\/\",\"url\":\"https:\/\/www.link2fleet.com\/expertsguide\/\",\"name\":\"Experts Guide - link2fleet\",\"isPartOf\":{\"@id\":\"https:\/\/www.link2fleet.com\/fr\/#website\"},\"primaryImageOfPage\":{\"@id\":\"https:\/\/www.link2fleet.com\/expertsguide\/#primaryimage\"},\"image\":{\"@id\":\"https:\/\/www.link2fleet.com\/expertsguide\/#primaryimage\"},\"thumbnailUrl\":\"https:\/\/static.link2fleet.com\/wp-content\/uploads\/2024\/03\/experts-guide-logo.png\",\"datePublished\":\"2023-09-01T13:23:23+00:00\",\"dateModified\":\"2024-03-21T16:05:08+00:00\",\"breadcrumb\":{\"@id\":\"https:\/\/www.link2fleet.com\/expertsguide\/#breadcrumb\"},\"inLanguage\":\"fr-FR\",\"potentialAction\":[{\"@type\":\"ReadAction\",\"target\":[\"https:\/\/www.link2fleet.com\/expertsguide\/\"]}]},{\"@type\":\"ImageObject\",\"inLanguage\":\"fr-FR\",\"@id\":\"https:\/\/www.link2fleet.com\/expertsguide\/#primaryimage\",\"url\":\"https:\/\/static.link2fleet.com\/wp-content\/uploads\/2024\/03\/experts-guide-logo.png\",\"contentUrl\":\"https:\/\/static.link2fleet.com\/wp-content\/uploads\/2024\/03\/experts-guide-logo.png\",\"width\":1408,\"height\":712},{\"@type\":\"BreadcrumbList\",\"@id\":\"https:\/\/www.link2fleet.com\/expertsguide\/#breadcrumb\",\"itemListElement\":[{\"@type\":\"ListItem\",\"position\":1,\"name\":\"Home\",\"item\":\"https:\/\/www.link2fleet.com\/fr\/\"},{\"@type\":\"ListItem\",\"position\":2,\"name\":\"Experts Guide\"}]},{\"@type\":\"WebSite\",\"@id\":\"https:\/\/www.link2fleet.com\/fr\/#website\",\"url\":\"https:\/\/www.link2fleet.com\/fr\/\",\"name\":\"Link2fleet\",\"description\":\"\",\"publisher\":{\"@id\":\"https:\/\/www.link2fleet.com\/fr\/#organization\"},\"potentialAction\":[{\"@type\":\"SearchAction\",\"target\":{\"@type\":\"EntryPoint\",\"urlTemplate\":\"https:\/\/www.link2fleet.com\/fr\/?s={search_term_string}\"},\"query-input\":{\"@type\":\"PropertyValueSpecification\",\"valueRequired\":true,\"valueName\":\"search_term_string\"}}],\"inLanguage\":\"fr-FR\"},{\"@type\":\"Organization\",\"@id\":\"https:\/\/www.link2fleet.com\/fr\/#organization\",\"name\":\"Link2fleet\",\"url\":\"https:\/\/www.link2fleet.com\/fr\/\",\"logo\":{\"@type\":\"ImageObject\",\"inLanguage\":\"fr-FR\",\"@id\":\"https:\/\/www.link2fleet.com\/fr\/#\/schema\/logo\/image\/\",\"url\":\"https:\/\/static.link2fleet.com\/wp-content\/uploads\/2024\/03\/share-image.jpg\",\"contentUrl\":\"https:\/\/static.link2fleet.com\/wp-content\/uploads\/2024\/03\/share-image.jpg\",\"width\":1200,\"height\":630,\"caption\":\"Link2fleet\"},\"image\":{\"@id\":\"https:\/\/www.link2fleet.com\/fr\/#\/schema\/logo\/image\/\"},\"sameAs\":[\"https:\/\/www.linkedin.com\/company\/link2fleet-belgium\",\"https:\/\/www.youtube.com\/user\/MMMBMBE\"]}]}<\/script>\n<!-- \/ Yoast SEO plugin. -->","yoast_head_json":{"title":"Experts Guide - link2fleet","robots":{"index":"index","follow":"follow","max-snippet":"max-snippet:-1","max-image-preview":"max-image-preview:large","max-video-preview":"max-video-preview:-1"},"og_locale":"fr_FR","og_type":"article","og_title":"Experts Guide - link2fleet","og_description":"L&rsquo;expertise \u00e0 port\u00e9e de main Retrouvez tous les fournisseurs et experts des secteurs Fleet et Mobilit\u00e9 ainsi que nos guides pratiques et des offres d\u2019emplois. En bref, tous les outils d\u2019expertise facilitant votre gestion de flotte et de mobilit\u00e9 au quotidien, c\u2019est ici !","og_url":"https:\/\/www.link2fleet.com\/expertsguide\/","og_site_name":"link2fleet","article_modified_time":"2024-03-21T16:05:08+00:00","og_image":[{"width":1408,"height":712,"url":"https:\/\/static.link2fleet.com\/wp-content\/uploads\/2024\/03\/experts-guide-logo.png","type":"image\/png"}],"twitter_card":"summary_large_image","twitter_misc":{"Dur\u00e9e de lecture estim\u00e9e":"1 minute"},"schema":{"@context":"https:\/\/schema.org","@graph":[{"@type":"WebPage","@id":"https:\/\/www.link2fleet.com\/expertsguide\/","url":"https:\/\/www.link2fleet.com\/expertsguide\/","name":"Experts Guide - link2fleet","isPartOf":{"@id":"https:\/\/www.link2fleet.com\/fr\/#website"},"primaryImageOfPage":{"@id":"https:\/\/www.link2fleet.com\/expertsguide\/#primaryimage"},"image":{"@id":"https:\/\/www.link2fleet.com\/expertsguide\/#primaryimage"},"thumbnailUrl":"https:\/\/static.link2fleet.com\/wp-content\/uploads\/2024\/03\/experts-guide-logo.png","datePublished":"2023-09-01T13:23:23+00:00","dateModified":"2024-03-21T16:05:08+00:00","breadcrumb":{"@id":"https:\/\/www.link2fleet.com\/expertsguide\/#breadcrumb"},"inLanguage":"fr-FR","potentialAction":[{"@type":"ReadAction","target":["https:\/\/www.link2fleet.com\/expertsguide\/"]}]},{"@type":"ImageObject","inLanguage":"fr-FR","@id":"https:\/\/www.link2fleet.com\/expertsguide\/#primaryimage","url":"https:\/\/static.link2fleet.com\/wp-content\/uploads\/2024\/03\/experts-guide-logo.png","contentUrl":"https:\/\/static.link2fleet.com\/wp-content\/uploads\/2024\/03\/experts-guide-logo.png","width":1408,"height":712},{"@type":"BreadcrumbList","@id":"https:\/\/www.link2fleet.com\/expertsguide\/#breadcrumb","itemListElement":[{"@type":"ListItem","position":1,"name":"Home","item":"https:\/\/www.link2fleet.com\/fr\/"},{"@type":"ListItem","position":2,"name":"Experts Guide"}]},{"@type":"WebSite","@id":"https:\/\/www.link2fleet.com\/fr\/#website","url":"https:\/\/www.link2fleet.com\/fr\/","name":"Link2fleet","description":"","publisher":{"@id":"https:\/\/www.link2fleet.com\/fr\/#organization"},"potentialAction":[{"@type":"SearchAction","target":{"@type":"EntryPoint","urlTemplate":"https:\/\/www.link2fleet.com\/fr\/?s={search_term_string}"},"query-input":{"@type":"PropertyValueSpecification","valueRequired":true,"valueName":"search_term_string"}}],"inLanguage":"fr-FR"},{"@type":"Organization","@id":"https:\/\/www.link2fleet.com\/fr\/#organization","name":"Link2fleet","url":"https:\/\/www.link2fleet.com\/fr\/","logo":{"@type":"ImageObject","inLanguage":"fr-FR","@id":"https:\/\/www.link2fleet.com\/fr\/#\/schema\/logo\/image\/","url":"https:\/\/static.link2fleet.com\/wp-content\/uploads\/2024\/03\/share-image.jpg","contentUrl":"https:\/\/static.link2fleet.com\/wp-content\/uploads\/2024\/03\/share-image.jpg","width":1200,"height":630,"caption":"Link2fleet"},"image":{"@id":"https:\/\/www.link2fleet.com\/fr\/#\/schema\/logo\/image\/"},"sameAs":["https:\/\/www.linkedin.com\/company\/link2fleet-belgium","https:\/\/www.youtube.com\/user\/MMMBMBE"]}]}},"_links":{"self":[{"href":"https:\/\/www.link2fleet.com\/fr\/wp-json\/wp\/v2\/pages\/354","targetHints":{"allow":["GET"]}}],"collection":[{"href":"https:\/\/www.link2fleet.com\/fr\/wp-json\/wp\/v2\/pages"}],"about":[{"href":"https:\/\/www.link2fleet.com\/fr\/wp-json\/wp\/v2\/types\/page"}],"author":[{"embeddable":true,"href":"https:\/\/www.link2fleet.com\/fr\/wp-json\/wp\/v2\/users\/59"}],"replies":[{"embeddable":true,"href":"https:\/\/www.link2fleet.com\/fr\/wp-json\/wp\/v2\/comments?post=354"}],"version-history":[{"count":0,"href":"https:\/\/www.link2fleet.com\/fr\/wp-json\/wp\/v2\/pages\/354\/revisions"}],"wp:featuredmedia":[{"embeddable":true,"href":"https:\/\/www.link2fleet.com\/fr\/wp-json\/wp\/v2\/media\/1676"}],"wp:attachment":[{"href":"https:\/\/www.link2fleet.com\/fr\/wp-json\/wp\/v2\/media?parent=354"}],"curies":[{"name":"wp","href":"https:\/\/api.w.org\/{rel}","templated":true}]}}